{"id":12575,"date":"2023-03-22T10:38:02","date_gmt":"2023-03-22T10:38:02","guid":{"rendered":"https:\/\/www.abeeway.com\/formular-ausgefuellt\/"},"modified":"2024-01-05T15:48:52","modified_gmt":"2024-01-05T15:48:52","slug":"formular-ausgefuellt","status":"publish","type":"page","link":"https:\/\/www.abeeway.com\/de\/formular-ausgefuellt\/","title":{"rendered":"Formular ausgef\u00fcllt"},"content":{"rendered":"<h2>DANKESCH\u00d6N!<\/h2>\n<p style=\"text-align: center;\">Ihre Nachricht ist eingegangen.<\/p>\n<p>\t\t\t<a href=\"https:\/\/www.abeeway.com\/\" role=\"button\"><br \/>\nZur\u00fcck zur Homepage<br \/>\n<\/a><\/p>\n","protected":false},"excerpt":{"rendered":"<p>DANKESCH\u00d6N! Ihre Nachricht ist eingegangen. Zur\u00fcck zur Homepage<\/p>\n","protected":false},"author":16,"featured_media":0,"parent":0,"menu_order":0,"comment_status":"closed","ping_status":"closed","template":"elementor_header_footer","meta":{"om_disable_all_campaigns":false,"_monsterinsights_skip_tracking":false,"_monsterinsights_sitenote_active":false,"_monsterinsights_sitenote_note":"","_monsterinsights_sitenote_category":0,"footnotes":""},"class_list":["post-12575","page","type-page","status-publish","hentry","entry"],"yoast_head":"<!-- This site is optimized with the Yoast SEO plugin v27.3 - https:\/\/yoast.com\/product\/yoast-seo-wordpress\/ -->\n<title>Formular ausgef\u00fcllt - Abeeway<\/title>\n<meta name=\"robots\" content=\"index, follow, max-snippet:-1, max-image-preview:large, max-video-preview:-1\" \/>\n<link rel=\"canonical\" href=\"https:\/\/www.abeeway.com\/de\/formular-ausgefuellt\/\" \/>\n<meta property=\"og:locale\" content=\"de_DE\" \/>\n<meta property=\"og:type\" content=\"article\" \/>\n<meta property=\"og:title\" content=\"Formular ausgef\u00fcllt - Abeeway\" \/>\n<meta property=\"og:description\" content=\"DANKESCH\u00d6N! Ihre Nachricht ist eingegangen. Zur\u00fcck zur Homepage\" \/>\n<meta property=\"og:url\" content=\"https:\/\/www.abeeway.com\/de\/formular-ausgefuellt\/\" \/>\n<meta property=\"og:site_name\" content=\"Abeeway\" \/>\n<meta property=\"article:modified_time\" content=\"2024-01-05T15:48:52+00:00\" \/>\n<meta name=\"twitter:card\" content=\"summary_large_image\" \/>\n<script type=\"application\/ld+json\" class=\"yoast-schema-graph\">{\"@context\":\"https:\\\/\\\/schema.org\",\"@graph\":[{\"@type\":\"WebPage\",\"@id\":\"https:\\\/\\\/www.abeeway.com\\\/de\\\/formular-ausgefuellt\\\/\",\"url\":\"https:\\\/\\\/www.abeeway.com\\\/de\\\/formular-ausgefuellt\\\/\",\"name\":\"Formular ausgef\u00fcllt - Abeeway\",\"isPartOf\":{\"@id\":\"https:\\\/\\\/www.abeeway.com\\\/#website\"},\"datePublished\":\"2023-03-22T10:38:02+00:00\",\"dateModified\":\"2024-01-05T15:48:52+00:00\",\"breadcrumb\":{\"@id\":\"https:\\\/\\\/www.abeeway.com\\\/de\\\/formular-ausgefuellt\\\/#breadcrumb\"},\"inLanguage\":\"de\",\"potentialAction\":[{\"@type\":\"ReadAction\",\"target\":[\"https:\\\/\\\/www.abeeway.com\\\/de\\\/formular-ausgefuellt\\\/\"]}]},{\"@type\":\"BreadcrumbList\",\"@id\":\"https:\\\/\\\/www.abeeway.com\\\/de\\\/formular-ausgefuellt\\\/#breadcrumb\",\"itemListElement\":[{\"@type\":\"ListItem\",\"position\":1,\"name\":\"Home\",\"item\":\"https:\\\/\\\/www.abeeway.com\\\/\"},{\"@type\":\"ListItem\",\"position\":2,\"name\":\"Formular ausgef\u00fcllt\"}]},{\"@type\":\"WebSite\",\"@id\":\"https:\\\/\\\/www.abeeway.com\\\/#website\",\"url\":\"https:\\\/\\\/www.abeeway.com\\\/\",\"name\":\"Abeeway\",\"description\":\"Low-power GPS trackers for Mobile Assets and People\",\"potentialAction\":[{\"@type\":\"SearchAction\",\"target\":{\"@type\":\"EntryPoint\",\"urlTemplate\":\"https:\\\/\\\/www.abeeway.com\\\/?s={search_term_string}\"},\"query-input\":{\"@type\":\"PropertyValueSpecification\",\"valueRequired\":true,\"valueName\":\"search_term_string\"}}],\"inLanguage\":\"de\"}]}<\/script>\n<!-- \/ Yoast SEO plugin. -->","yoast_head_json":{"title":"Formular ausgef\u00fcllt - Abeeway","robots":{"index":"index","follow":"follow","max-snippet":"max-snippet:-1","max-image-preview":"max-image-preview:large","max-video-preview":"max-video-preview:-1"},"canonical":"https:\/\/www.abeeway.com\/de\/formular-ausgefuellt\/","og_locale":"de_DE","og_type":"article","og_title":"Formular ausgef\u00fcllt - Abeeway","og_description":"DANKESCH\u00d6N! Ihre Nachricht ist eingegangen. Zur\u00fcck zur Homepage","og_url":"https:\/\/www.abeeway.com\/de\/formular-ausgefuellt\/","og_site_name":"Abeeway","article_modified_time":"2024-01-05T15:48:52+00:00","twitter_card":"summary_large_image","schema":{"@context":"https:\/\/schema.org","@graph":[{"@type":"WebPage","@id":"https:\/\/www.abeeway.com\/de\/formular-ausgefuellt\/","url":"https:\/\/www.abeeway.com\/de\/formular-ausgefuellt\/","name":"Formular ausgef\u00fcllt - Abeeway","isPartOf":{"@id":"https:\/\/www.abeeway.com\/#website"},"datePublished":"2023-03-22T10:38:02+00:00","dateModified":"2024-01-05T15:48:52+00:00","breadcrumb":{"@id":"https:\/\/www.abeeway.com\/de\/formular-ausgefuellt\/#breadcrumb"},"inLanguage":"de","potentialAction":[{"@type":"ReadAction","target":["https:\/\/www.abeeway.com\/de\/formular-ausgefuellt\/"]}]},{"@type":"BreadcrumbList","@id":"https:\/\/www.abeeway.com\/de\/formular-ausgefuellt\/#breadcrumb","itemListElement":[{"@type":"ListItem","position":1,"name":"Home","item":"https:\/\/www.abeeway.com\/"},{"@type":"ListItem","position":2,"name":"Formular ausgef\u00fcllt"}]},{"@type":"WebSite","@id":"https:\/\/www.abeeway.com\/#website","url":"https:\/\/www.abeeway.com\/","name":"Abeeway","description":"Low-power GPS trackers for Mobile Assets and People","potentialAction":[{"@type":"SearchAction","target":{"@type":"EntryPoint","urlTemplate":"https:\/\/www.abeeway.com\/?s={search_term_string}"},"query-input":{"@type":"PropertyValueSpecification","valueRequired":true,"valueName":"search_term_string"}}],"inLanguage":"de"}]}},"_links":{"self":[{"href":"https:\/\/www.abeeway.com\/de\/wp-json\/wp\/v2\/pages\/12575","targetHints":{"allow":["GET"]}}],"collection":[{"href":"https:\/\/www.abeeway.com\/de\/wp-json\/wp\/v2\/pages"}],"about":[{"href":"https:\/\/www.abeeway.com\/de\/wp-json\/wp\/v2\/types\/page"}],"author":[{"embeddable":true,"href":"https:\/\/www.abeeway.com\/de\/wp-json\/wp\/v2\/users\/16"}],"replies":[{"embeddable":true,"href":"https:\/\/www.abeeway.com\/de\/wp-json\/wp\/v2\/comments?post=12575"}],"version-history":[{"count":0,"href":"https:\/\/www.abeeway.com\/de\/wp-json\/wp\/v2\/pages\/12575\/revisions"}],"wp:attachment":[{"href":"https:\/\/www.abeeway.com\/de\/wp-json\/wp\/v2\/media?parent=12575"}],"curies":[{"name":"wp","href":"https:\/\/api.w.org\/{rel}","templated":true}]}}